{"id":1635,"date":"2024-11-13T12:01:04","date_gmt":"2024-11-13T11:01:04","guid":{"rendered":"https:\/\/www.impression-interier.sk\/?page_id=1635"},"modified":"2024-11-13T12:13:51","modified_gmt":"2024-11-13T11:13:51","slug":"cookies","status":"publish","type":"page","link":"https:\/\/www.impression-interier.sk\/index.php\/cookies\/","title":{"rendered":"Z\u00e1sady pou\u017e\u00edvania s\u00faborov cookies"},"content":{"rendered":"\t\t<div data-elementor-type=\"wp-page\" data-elementor-id=\"1635\" class=\"elementor elementor-1635\" data-elementor-post-type=\"page\">\n\t\t\t\t<div class=\"elementor-element elementor-element-c07a3c4 e-flex e-con-boxed e-con e-parent\" data-id=\"c07a3c4\" data-element_type=\"container\" data-e-type=\"container\">\n\t\t\t\t\t<div class=\"e-con-inner\">\n\t\t\t\t<div class=\"elementor-element elementor-element-2a73c62c elementor-widget elementor-widget-image\" data-id=\"2a73c62c\" data-element_type=\"widget\" data-e-type=\"widget\" data-settings=\"{&quot;motion_fx_motion_fx_scrolling&quot;:&quot;yes&quot;,&quot;motion_fx_scale_effect&quot;:&quot;yes&quot;,&quot;motion_fx_scale_speed&quot;:{&quot;unit&quot;:&quot;px&quot;,&quot;size&quot;:2,&quot;sizes&quot;:[]},&quot;motion_fx_scale_range&quot;:{&quot;unit&quot;:&quot;%&quot;,&quot;size&quot;:&quot;&quot;,&quot;sizes&quot;:{&quot;start&quot;:65,&quot;end&quot;:100}},&quot;motion_fx_scale_direction&quot;:&quot;out-in&quot;,&quot;motion_fx_devices&quot;:[&quot;desktop&quot;,&quot;tablet&quot;,&quot;mobile&quot;]}\" data-widget_type=\"image.default\">\n\t\t\t\t<div class=\"elementor-widget-container\">\n\t\t\t\t\t\t\t\t\t\t\t\t\t\t\t<img fetchpriority=\"high\" decoding=\"async\" width=\"1024\" height=\"683\" src=\"https:\/\/www.impression-interier.sk\/wp-content\/uploads\/2024\/05\/5O4A9324.jpg\" class=\"attachment-full size-full wp-image-289\" alt=\"\" srcset=\"https:\/\/www.impression-interier.sk\/wp-content\/uploads\/2024\/05\/5O4A9324.jpg 1024w, https:\/\/www.impression-interier.sk\/wp-content\/uploads\/2024\/05\/5O4A9324-300x200.jpg 300w, https:\/\/www.impression-interier.sk\/wp-content\/uploads\/2024\/05\/5O4A9324-768x512.jpg 768w\" sizes=\"(max-width: 1024px) 100vw, 1024px\" \/>\t\t\t\t\t\t\t\t\t\t\t\t\t\t\t<\/div>\n\t\t\t\t<\/div>\n\t\t<div class=\"elementor-element elementor-element-2265be21 e-flex e-con-boxed e-con e-child\" data-id=\"2265be21\" data-element_type=\"container\" data-e-type=\"container\">\n\t\t\t\t\t<div class=\"e-con-inner\">\n\t\t\t\t<div class=\"elementor-element elementor-element-3cf60b2a elementor-widget elementor-widget-heading\" data-id=\"3cf60b2a\" data-element_type=\"widget\" data-e-type=\"widget\" data-widget_type=\"heading.default\">\n\t\t\t\t<div class=\"elementor-widget-container\">\n\t\t\t\t\t<h1 class=\"elementor-heading-title elementor-size-default\">Z\u00e1sady pou\u017e\u00edvania s\u00faborov cookies<\/h1>\t\t\t\t<\/div>\n\t\t\t\t<\/div>\n\t\t\t\t\t<\/div>\n\t\t\t\t<\/div>\n\t\t\t\t\t<\/div>\n\t\t\t\t<\/div>\n\t\t<div class=\"elementor-element elementor-element-56059fd8 e-flex e-con-boxed e-con e-parent\" data-id=\"56059fd8\" data-element_type=\"container\" data-e-type=\"container\">\n\t\t\t\t\t<div class=\"e-con-inner\">\n\t\t\t\t<div class=\"elementor-element elementor-element-781bdd68 elementor-widget elementor-widget-text-editor\" data-id=\"781bdd68\" data-element_type=\"widget\" data-e-type=\"widget\" data-widget_type=\"text-editor.default\">\n\t\t\t\t<div class=\"elementor-widget-container\">\n\t\t\t\t\t\t\t\t\t<p>Na\u0161a webov\u00e1 str\u00e1nka <a href=\"http:\/\/www.impression-interier.sk\">www.impression-interier.sk<\/a> pou\u017e\u00edva s\u00fabory cookies na zlep\u0161enie va\u0161ej u\u017e\u00edvate\u013eskej sk\u00fasenosti. Tento dokument v\u00e1s informuje o tom, \u010do s\u00fa cookies, ak\u00e9 typy cookies pou\u017e\u00edvame a ako m\u00f4\u017eete spravova\u0165 ich pou\u017e\u00edvanie.<\/p><h2>\u010co s\u00fa cookies?<\/h2><p>Cookies s\u00fa mal\u00e9 textov\u00e9 s\u00fabory, ktor\u00e9 sa ukladaj\u00fa vo va\u0161om zariaden\u00ed (po\u010d\u00edta\u010d, tablet, mobiln\u00fd telef\u00f3n) pri n\u00e1v\u0161teve webovej str\u00e1nky. Tieto s\u00fabory umo\u017e\u0148uj\u00fa webovej str\u00e1nke zapam\u00e4ta\u0165 si va\u0161e akcie a preferencie (napr. prihlasovacie \u00fadaje, jazyk, ve\u013ekos\u0165 p\u00edsma a in\u00e9 nastavenia) po\u010das ur\u010dit\u00e9ho obdobia, tak\u017ee ich nemus\u00edte znovu zad\u00e1va\u0165 pri \u010fal\u0161ej n\u00e1v\u0161teve str\u00e1nky alebo pri prehliadan\u00ed jej jednotliv\u00fdch podstr\u00e1nok.<\/p><h2>Ak\u00e9 typy cookies pou\u017e\u00edvame?<\/h2><ol><li>Nevyhnutn\u00e9 cookies: Tieto cookies s\u00fa potrebn\u00e9 na spr\u00e1vne fungovanie webovej str\u00e1nky. Umo\u017e\u0148uj\u00fa v\u00e1m pohybova\u0165 sa po str\u00e1nke a pou\u017e\u00edva\u0165 jej z\u00e1kladn\u00e9 funkcie, ako s\u00fa bezpe\u010dn\u00e9 oblasti a pr\u00edstup k zabezpe\u010den\u00fdm \u010dastiam.<\/li><li>V\u00fdkonnostn\u00e9 cookies: Zbieraj\u00fa inform\u00e1cie o tom, ako pou\u017e\u00edvate na\u0161u webov\u00fa str\u00e1nku (napr. ktor\u00e9 str\u00e1nky nav\u0161tevujete naj\u010dastej\u0161ie a \u010di dost\u00e1vate chybov\u00e9 hl\u00e1senia). Tieto cookies nezhroma\u017e\u010fuj\u00fa inform\u00e1cie, ktor\u00e9 by v\u00e1s mohli priamo identifikova\u0165. Sl\u00fa\u017eia iba na zlep\u0161enie fungovania na\u0161ej str\u00e1nky.<\/li><li>Funk\u010dn\u00e9 cookies: Umo\u017e\u0148uj\u00fa webovej str\u00e1nke zapam\u00e4ta\u0165 si va\u0161e vo\u013eby (napr. jazyk alebo regi\u00f3n) a poskytuj\u00fa v\u00e1m vylep\u0161en\u00e9 a prisp\u00f4soben\u00e9 funkcie.<\/li><li>Cielen\u00e9 a reklamn\u00e9 cookies: Pou\u017e\u00edvaj\u00fa sa na poskytovanie rekl\u00e1m, ktor\u00e9 s\u00fa relevantnej\u0161ie pre v\u00e1s a va\u0161e z\u00e1ujmy. Tieto cookies si pam\u00e4taj\u00fa, \u017ee ste nav\u0161t\u00edvili na\u0161u str\u00e1nku, a tieto inform\u00e1cie m\u00f4\u017eu by\u0165 zdie\u013ean\u00e9 s tret\u00edmi stranami, ako s\u00fa reklamn\u00e9 siete.<\/li><\/ol><h2>Ako kontrolova\u0165 cookies?<\/h2><p>Cookies m\u00f4\u017eete kontrolova\u0165 a\/alebo vymaza\u0165 pod\u013ea vlastn\u00e9ho uv\u00e1\u017eenia \u2013 podrobnosti n\u00e1jdete na str\u00e1nke [www.aboutcookies.org](https:\/\/www.aboutcookies.org). M\u00f4\u017eete vymaza\u0165 v\u0161etky cookies ulo\u017een\u00e9 vo va\u0161om zariaden\u00ed a v\u00e4\u010d\u0161inu prehliada\u010dov m\u00f4\u017eete nastavi\u0165 tak, aby blokovali ich ukladanie. Ak sa v\u0161ak rozhodnete vymaza\u0165 alebo zablokova\u0165 cookies, m\u00f4\u017ee to ma\u0165 vplyv na fungovanie na\u0161ej webovej str\u00e1nky a nemus\u00edte ma\u0165 pr\u00edstup ku v\u0161etk\u00fdm jej \u010dastiam alebo funkci\u00e1m.<\/p><h2>Ako dlho uchov\u00e1vame cookies?<\/h2><p>Doba uchov\u00e1vania cookies sa l\u00ed\u0161i v z\u00e1vislosti od typu cookies. Niektor\u00e9 cookies sa z v\u00e1\u0161ho zariadenia odstr\u00e1nia po zatvoren\u00ed prehliada\u010da (tzv. \u201esession cookies\u201c), zatia\u013e \u010do in\u00e9 zostan\u00fa vo va\u0161om zariaden\u00ed, k\u00fdm ich nevyma\u017eete, alebo k\u00fdm nevypr\u0161\u00ed ich platnos\u0165 (tzv. \u201epersistent cookies\u201c).<\/p><h2>Zmeny v pou\u017e\u00edvan\u00ed cookies<\/h2><p>Vyhradzujeme si pr\u00e1vo kedyko\u013evek upravi\u0165 tieto z\u00e1sady pou\u017e\u00edvania cookies. V\u0161etky zmeny bud\u00fa zverejnen\u00e9 na tejto str\u00e1nke a nadob\u00fadaj\u00fa \u00fa\u010dinnos\u0165 okamihom ich zverejnenia. Odpor\u00fa\u010dame v\u00e1m pravidelne kontrolova\u0165 tieto z\u00e1sady, aby ste boli informovan\u00ed o pr\u00edpadn\u00fdch zmen\u00e1ch.<\/p><h2>Kontakt<\/h2><p>Ak m\u00e1te ak\u00e9ko\u013evek ot\u00e1zky oh\u013eadom pou\u017e\u00edvania cookies na na\u0161ej webovej str\u00e1nke, m\u00f4\u017eete n\u00e1s kontaktova\u0165 na e-mailovej adrese: <a href=\"mailto:info@impression-interier.sk\">info@impression-interier.sk<\/a> .<\/p><p>Tieto z\u00e1sady pou\u017e\u00edvania cookies s\u00fa \u00fa\u010dinn\u00e9 od 1. 1. 2023.<\/p>\t\t\t\t\t\t\t\t<\/div>\n\t\t\t\t<\/div>\n\t\t\t\t\t<\/div>\n\t\t\t\t<\/div>\n\t\t\t\t<\/div>\n\t\t","protected":false},"excerpt":{"rendered":"<p>Z\u00e1sady pou\u017e\u00edvania s\u00faborov cookies Na\u0161a webov\u00e1 str\u00e1nka www.impression-interier.sk pou\u017e\u00edva s\u00fabory cookies na zlep\u0161enie va\u0161ej u\u017e\u00edvate\u013eskej sk\u00fasenosti. Tento dokument v\u00e1s informuje o tom, \u010do s\u00fa cookies, ak\u00e9 typy cookies pou\u017e\u00edvame a ako m\u00f4\u017eete spravova\u0165 ich pou\u017e\u00edvanie. \u010co s\u00fa cookies? Cookies s\u00fa mal\u00e9 textov\u00e9 s\u00fabory, ktor\u00e9 sa ukladaj\u00fa vo va\u0161om zariaden\u00ed (po\u010d\u00edta\u010d, tablet, mobiln\u00fd telef\u00f3n) pri n\u00e1v\u0161teve [&hellip;]<\/p>\n","protected":false},"author":1,"featured_media":0,"parent":0,"menu_order":0,"comment_status":"closed","ping_status":"closed","template":"elementor_header_footer","meta":{"footnotes":""},"class_list":["post-1635","page","type-page","status-publish","hentry"],"_links":{"self":[{"href":"https:\/\/www.impression-interier.sk\/index.php\/wp-json\/wp\/v2\/pages\/1635","targetHints":{"allow":["GET"]}}],"collection":[{"href":"https:\/\/www.impression-interier.sk\/index.php\/wp-json\/wp\/v2\/pages"}],"about":[{"href":"https:\/\/www.impression-interier.sk\/index.php\/wp-json\/wp\/v2\/types\/page"}],"author":[{"embeddable":true,"href":"https:\/\/www.impression-interier.sk\/index.php\/wp-json\/wp\/v2\/users\/1"}],"replies":[{"embeddable":true,"href":"https:\/\/www.impression-interier.sk\/index.php\/wp-json\/wp\/v2\/comments?post=1635"}],"version-history":[{"count":10,"href":"https:\/\/www.impression-interier.sk\/index.php\/wp-json\/wp\/v2\/pages\/1635\/revisions"}],"predecessor-version":[{"id":1660,"href":"https:\/\/www.impression-interier.sk\/index.php\/wp-json\/wp\/v2\/pages\/1635\/revisions\/1660"}],"wp:attachment":[{"href":"https:\/\/www.impression-interier.sk\/index.php\/wp-json\/wp\/v2\/media?parent=1635"}],"curies":[{"name":"wp","href":"https:\/\/api.w.org\/{rel}","templated":true}]}}